{"id":4529,"date":"2025-01-28T15:44:22","date_gmt":"2025-01-28T14:44:22","guid":{"rendered":"https:\/\/ampelio.fr\/contact\/"},"modified":"2025-09-16T14:15:38","modified_gmt":"2025-09-16T12:15:38","slug":"contact-us","status":"publish","type":"page","link":"https:\/\/ampelio.fr\/en\/contact-us\/","title":{"rendered":"Contact"},"content":{"rendered":"<div class=\"frm_forms  with_frm_style frm_style_style-formidable\" id=\"frm_form_1_container\" >\n<form enctype=\"multipart\/form-data\" method=\"post\" class=\"frm-show-form  frm_pro_form \" id=\"form_contact-form\" >\n<div class=\"frm_form_fields \">\n<fieldset>\n<legend class=\"frm_screen_reader\">Contact<\/legend>\r\n\r\n<div class=\"frm_fields_container\">\n<input type=\"hidden\" name=\"frm_action\" value=\"create\" \/>\n<input type=\"hidden\" name=\"form_id\" value=\"1\" \/>\n<input type=\"hidden\" name=\"frm_hide_fields_1\" id=\"frm_hide_fields_1\" value=\"\" \/>\n<input type=\"hidden\" name=\"form_key\" value=\"contact-form\" \/>\n<input type=\"hidden\" name=\"item_meta[0]\" value=\"\" \/>\n<input type=\"hidden\" id=\"frm_submit_entry_1\" name=\"frm_submit_entry_1\" value=\"5d672d0c7a\" \/><input type=\"hidden\" name=\"_wp_http_referer\" value=\"\/en\/wp-json\/wp\/v2\/pages\/4529\" \/><div id=\"frm_field_24_container\" class=\"frm_form_field form-field  frm_required_field frm_top_container frm6 frm_first horizontal_radio\">\r\n\t<div  id=\"field_gygfg_label\" class=\"frm_primary_label\">Salutations\r\n\t\t<span class=\"frm_required\" aria-hidden=\"true\">*<\/span>\r\n\t<\/div>\r\n\t<div class=\"frm_opt_container\" aria-labelledby=\"field_gygfg_label\" role=\"radiogroup\" aria-required=\"true\">\t\t<div class=\"frm_radio\" id=\"frm_radio_24-0\">\t\t\t<label  for=\"field_gygfg-0\">\n\t\t\t\t\t<input type=\"radio\" name=\"item_meta[24]\" id=\"field_gygfg-0\" value=\"Monsieur\"\n\t\t data-reqmsg=\"Salutations ne peut pas \u00eatre vide.\" data-invmsg=\"Salutations is invalid\"   \/> Mr.<\/label><\/div>\n\t\t<div class=\"frm_radio\" id=\"frm_radio_24-1\">\t\t\t<label  for=\"field_gygfg-1\">\n\t\t\t\t\t<input type=\"radio\" name=\"item_meta[24]\" id=\"field_gygfg-1\" value=\"Madame\"\n\t\t data-reqmsg=\"Salutations ne peut pas \u00eatre vide.\" data-invmsg=\"Salutations is invalid\"   \/> Mrs.<\/label><\/div>\n<\/div>\r\n\t\r\n\t\r\n<\/div>\n<div id=\"frm_field_1_container\" class=\"frm_form_field form-field  frm_required_field frm_top_container frm6\">\r\n    <label for=\"field_qh4icy\" id=\"field_qh4icy_label\" class=\"frm_primary_label\">First &amp; Last Name*\r\n        <span class=\"frm_required\" aria-hidden=\"true\">*<\/span>\r\n    <\/label>\r\n    <input  type=\"text\" id=\"field_qh4icy\" name=\"item_meta[1]\" value=\"\"  data-reqmsg=\"First &amp; Last Name* ne peut pas \u00eatre vide.\" aria-required=\"true\" data-invmsg=\"First &amp; Last Name* est non valide\" aria-invalid=\"false\"   \/>\r\n    \r\n    \r\n<\/div>\n<div id=\"frm_field_3_container\" class=\"frm_form_field form-field  frm_required_field frm_top_container\">\r\n    <label for=\"field_29yf4d\" id=\"field_29yf4d_label\" class=\"frm_primary_label\">E-mail\r\n        <span class=\"frm_required\" aria-hidden=\"true\">*<\/span>\r\n    <\/label>\r\n    <input type=\"email\" id=\"field_29yf4d\" name=\"item_meta[3]\" value=\"\"  data-reqmsg=\"E-mail ne peut pas \u00eatre vide.\" aria-required=\"true\" data-invmsg=\"Please enter a valid email address\" aria-invalid=\"false\"  \/>\r\n    \r\n    \r\n<\/div>\n<div id=\"frm_field_4_container\" class=\"frm_form_field form-field  frm_required_field frm_top_container frm_full\">\r\n    <label for=\"field_e6lis6\" id=\"field_e6lis6_label\" class=\"frm_primary_label\">Subject\r\n        <span class=\"frm_required\" aria-hidden=\"true\">*<\/span>\r\n    <\/label>\r\n    <input  type=\"text\" id=\"field_e6lis6\" name=\"item_meta[4]\" value=\"\"  data-reqmsg=\"Subject ne peut pas \u00eatre vide.\" aria-required=\"true\" data-invmsg=\"Subject est non valide\" aria-invalid=\"false\"   \/>\r\n    \r\n    \r\n<\/div>\n<div id=\"frm_field_5_container\" class=\"frm_form_field form-field  frm_required_field frm_top_container frm_full\">\r\n    <label for=\"field_9jv0r1\" id=\"field_9jv0r1_label\" class=\"frm_primary_label\">Tell us about your project\r\n        <span class=\"frm_required\" aria-hidden=\"true\">*<\/span>\r\n    <\/label>\r\n    <textarea name=\"item_meta[5]\" id=\"field_9jv0r1\" rows=\"5\"  placeholder=\"Describe your project in a few lines: your profile, desired location, size, objectives\u2026\" data-reqmsg=\"Tell us about your project ne peut pas \u00eatre vide.\" aria-required=\"true\" data-invmsg=\"Tell us about your project est non valide\" aria-invalid=\"false\"  ><\/textarea>\r\n    \r\n    \r\n<\/div>\n<div id=\"frm_field_30_container\" class=\"frm_form_field form-field  frm_none_container\">\r\n\t<label for=\"g-recaptcha-response\" id=\"field_ozv4n_label\" class=\"frm_primary_label\">Captcha\r\n\t\t<span class=\"frm_required\" aria-hidden=\"true\"><\/span>\r\n\t<\/label>\r\n\t<div  id=\"field_ozv4n\" class=\"frm-g-recaptcha\" data-sitekey=\"6LdybfQqAAAAAHjTQWL_fCbsZZ6_NF2jD32qJHZf\" data-size=\"invisible\" data-theme=\"light\"><\/div>\r\n\t\r\n\t\r\n<\/div>\n<div id=\"frm_field_20_container\" class=\"frm_form_field form-field \">\r\n\t<div class=\"frm_submit\">\r\n\r\n<button class=\"frm_button_submit frm_final_submit\" type=\"submit\"   formnovalidate=\"formnovalidate\">Submit my request<\/button>\r\n\r\n<\/div>\r\n<\/div>\n\t<input type=\"hidden\" name=\"item_key\" value=\"\" \/>\n\t\t\t<div id=\"frm_field_54_container\">\n\t\t\t<label for=\"field_kld5e\" >\n\t\t\t\tIf you are human, leave this field blank.\t\t\t<\/label>\n\t\t\t<input  id=\"field_kld5e\" type=\"text\" class=\"frm_form_field form-field frm_verify\" name=\"item_meta[54]\" value=\"\"  \/>\n\t\t<\/div>\n\t\t<input name=\"frm_state\" type=\"hidden\" value=\"6qogUEjrWFLk49Ibm83C74L5Ts21yimLuVPLp9Z12l7wjAxBf8d2u0klcTK9kyvI\" \/><\/div>\n<\/fieldset>\n<\/div>\n\n<\/form>\n<\/div>\n","protected":false},"excerpt":{"rendered":"","protected":false},"author":2,"featured_media":4391,"parent":0,"menu_order":0,"comment_status":"closed","ping_status":"closed","template":"template-contact.php","meta":{"_acf_changed":false,"footnotes":""},"class_list":["post-4529","page","type-page","status-publish","has-post-thumbnail","hentry"],"acf":[],"yoast_head":"<!-- This site is optimized with the Yoast SEO plugin v27.3 - https:\/\/yoast.com\/product\/yoast-seo-wordpress\/ -->\n<title>Contact our wine estate transaction experts \u2192 Ampelio<\/title>\n<meta name=\"description\" content=\"Looking to buy or sell a wine estate or vineyard in the Loire Valley? Contact us by email or by phone at +33 (0)2 41 09 17 51\" \/>\n<meta name=\"robots\" content=\"index, follow, max-snippet:-1, max-image-preview:large, max-video-preview:-1\" \/>\n<link rel=\"canonical\" href=\"https:\/\/ampelio.fr\/en\/contact-us\/\" \/>\n<meta property=\"og:locale\" content=\"en_US\" \/>\n<meta property=\"og:type\" content=\"article\" \/>\n<meta property=\"og:title\" content=\"Contact our wine estate transaction experts \u2192 Ampelio\" \/>\n<meta property=\"og:description\" content=\"Looking to buy or sell a wine estate or vineyard in the Loire Valley? Contact us by email or by phone at +33 (0)2 41 09 17 51\" \/>\n<meta property=\"og:url\" content=\"https:\/\/ampelio.fr\/en\/contact-us\/\" \/>\n<meta property=\"og:site_name\" content=\"Ampelio\" \/>\n<meta property=\"article:modified_time\" content=\"2025-09-16T12:15:38+00:00\" \/>\n<meta property=\"og:image\" content=\"https:\/\/ampelio.fr\/wp-content\/uploads\/2019\/01\/chargee-daffaires-vignes.webp\" \/>\n\t<meta property=\"og:image:width\" content=\"2000\" \/>\n\t<meta property=\"og:image:height\" content=\"1334\" \/>\n\t<meta property=\"og:image:type\" content=\"image\/jpeg\" \/>\n<meta name=\"twitter:card\" content=\"summary_large_image\" \/>\n<meta name=\"twitter:label1\" content=\"Est. reading time\" \/>\n\t<meta name=\"twitter:data1\" content=\"1 minute\" \/>\n<script type=\"application\/ld+json\" class=\"yoast-schema-graph\">{\"@context\":\"https:\\\/\\\/schema.org\",\"@graph\":[{\"@type\":\"WebPage\",\"@id\":\"https:\\\/\\\/ampelio.fr\\\/en\\\/contact-us\\\/\",\"url\":\"https:\\\/\\\/ampelio.fr\\\/en\\\/contact-us\\\/\",\"name\":\"Contact our wine estate transaction experts \u2192 Ampelio\",\"isPartOf\":{\"@id\":\"https:\\\/\\\/ampelio.fr\\\/en\\\/#website\"},\"primaryImageOfPage\":{\"@id\":\"https:\\\/\\\/ampelio.fr\\\/en\\\/contact-us\\\/#primaryimage\"},\"image\":{\"@id\":\"https:\\\/\\\/ampelio.fr\\\/en\\\/contact-us\\\/#primaryimage\"},\"thumbnailUrl\":\"https:\\\/\\\/ampelio.fr\\\/wp-content\\\/uploads\\\/2019\\\/01\\\/chargee-daffaires-vignes.webp\",\"datePublished\":\"2025-01-28T14:44:22+00:00\",\"dateModified\":\"2025-09-16T12:15:38+00:00\",\"description\":\"Looking to buy or sell a wine estate or vineyard in the Loire Valley? Contact us by email or by phone at +33 (0)2 41 09 17 51\",\"breadcrumb\":{\"@id\":\"https:\\\/\\\/ampelio.fr\\\/en\\\/contact-us\\\/#breadcrumb\"},\"inLanguage\":\"en-US\",\"potentialAction\":[{\"@type\":\"ReadAction\",\"target\":[\"https:\\\/\\\/ampelio.fr\\\/en\\\/contact-us\\\/\"]}]},{\"@type\":\"ImageObject\",\"inLanguage\":\"en-US\",\"@id\":\"https:\\\/\\\/ampelio.fr\\\/en\\\/contact-us\\\/#primaryimage\",\"url\":\"https:\\\/\\\/ampelio.fr\\\/wp-content\\\/uploads\\\/2019\\\/01\\\/chargee-daffaires-vignes.webp\",\"contentUrl\":\"https:\\\/\\\/ampelio.fr\\\/wp-content\\\/uploads\\\/2019\\\/01\\\/chargee-daffaires-vignes.webp\",\"width\":2000,\"height\":1334,\"caption\":\"Charg\u00e9e d'affaires Ampelio dans les vignes, r\u00e9pondant au t\u00e9l\u00e9phone. Au fond, une loge de vignes\"},{\"@type\":\"BreadcrumbList\",\"@id\":\"https:\\\/\\\/ampelio.fr\\\/en\\\/contact-us\\\/#breadcrumb\",\"itemListElement\":[{\"@type\":\"ListItem\",\"position\":1,\"name\":\"Ampelio\",\"item\":\"https:\\\/\\\/ampelio.fr\\\/en\\\/\"},{\"@type\":\"ListItem\",\"position\":2,\"name\":\"Contact\"}]},{\"@type\":\"WebSite\",\"@id\":\"https:\\\/\\\/ampelio.fr\\\/en\\\/#website\",\"url\":\"https:\\\/\\\/ampelio.fr\\\/en\\\/\",\"name\":\"Ampelio\",\"description\":\"Expert agency for the sale of vineyards and wine estates\",\"publisher\":{\"@id\":\"https:\\\/\\\/ampelio.fr\\\/en\\\/#organization\"},\"alternateName\":\"Ampelio\",\"potentialAction\":[{\"@type\":\"SearchAction\",\"target\":{\"@type\":\"EntryPoint\",\"urlTemplate\":\"https:\\\/\\\/ampelio.fr\\\/en\\\/?s={search_term_string}\"},\"query-input\":{\"@type\":\"PropertyValueSpecification\",\"valueRequired\":true,\"valueName\":\"search_term_string\"}}],\"inLanguage\":\"en-US\"},{\"@type\":\"Organization\",\"@id\":\"https:\\\/\\\/ampelio.fr\\\/en\\\/#organization\",\"name\":\"Ampelio\",\"url\":\"https:\\\/\\\/ampelio.fr\\\/en\\\/\",\"logo\":{\"@type\":\"ImageObject\",\"inLanguage\":\"en-US\",\"@id\":\"https:\\\/\\\/ampelio.fr\\\/en\\\/#\\\/schema\\\/logo\\\/image\\\/\",\"url\":\"https:\\\/\\\/ampelio.fr\\\/wp-content\\\/uploads\\\/2024\\\/12\\\/logo-ampelio_baseline.svg\",\"contentUrl\":\"https:\\\/\\\/ampelio.fr\\\/wp-content\\\/uploads\\\/2024\\\/12\\\/logo-ampelio_baseline.svg\",\"width\":1,\"height\":1,\"caption\":\"Ampelio\"},\"image\":{\"@id\":\"https:\\\/\\\/ampelio.fr\\\/en\\\/#\\\/schema\\\/logo\\\/image\\\/\"},\"sameAs\":[\"https:\\\/\\\/fr.linkedin.com\\\/company\\\/ampelio\"]}]}<\/script>\n<!-- \/ Yoast SEO plugin. -->","yoast_head_json":{"title":"Contact our wine estate transaction experts \u2192 Ampelio","description":"Looking to buy or sell a wine estate or vineyard in the Loire Valley? Contact us by email or by phone at +33 (0)2 41 09 17 51","robots":{"index":"index","follow":"follow","max-snippet":"max-snippet:-1","max-image-preview":"max-image-preview:large","max-video-preview":"max-video-preview:-1"},"canonical":"https:\/\/ampelio.fr\/en\/contact-us\/","og_locale":"en_US","og_type":"article","og_title":"Contact our wine estate transaction experts \u2192 Ampelio","og_description":"Looking to buy or sell a wine estate or vineyard in the Loire Valley? Contact us by email or by phone at +33 (0)2 41 09 17 51","og_url":"https:\/\/ampelio.fr\/en\/contact-us\/","og_site_name":"Ampelio","article_modified_time":"2025-09-16T12:15:38+00:00","og_image":[{"width":2000,"height":1334,"url":"https:\/\/ampelio.fr\/wp-content\/uploads\/2019\/01\/chargee-daffaires-vignes.webp","type":"image\/jpeg"}],"twitter_card":"summary_large_image","twitter_misc":{"Est. reading time":"1 minute"},"schema":{"@context":"https:\/\/schema.org","@graph":[{"@type":"WebPage","@id":"https:\/\/ampelio.fr\/en\/contact-us\/","url":"https:\/\/ampelio.fr\/en\/contact-us\/","name":"Contact our wine estate transaction experts \u2192 Ampelio","isPartOf":{"@id":"https:\/\/ampelio.fr\/en\/#website"},"primaryImageOfPage":{"@id":"https:\/\/ampelio.fr\/en\/contact-us\/#primaryimage"},"image":{"@id":"https:\/\/ampelio.fr\/en\/contact-us\/#primaryimage"},"thumbnailUrl":"https:\/\/ampelio.fr\/wp-content\/uploads\/2019\/01\/chargee-daffaires-vignes.webp","datePublished":"2025-01-28T14:44:22+00:00","dateModified":"2025-09-16T12:15:38+00:00","description":"Looking to buy or sell a wine estate or vineyard in the Loire Valley? Contact us by email or by phone at +33 (0)2 41 09 17 51","breadcrumb":{"@id":"https:\/\/ampelio.fr\/en\/contact-us\/#breadcrumb"},"inLanguage":"en-US","potentialAction":[{"@type":"ReadAction","target":["https:\/\/ampelio.fr\/en\/contact-us\/"]}]},{"@type":"ImageObject","inLanguage":"en-US","@id":"https:\/\/ampelio.fr\/en\/contact-us\/#primaryimage","url":"https:\/\/ampelio.fr\/wp-content\/uploads\/2019\/01\/chargee-daffaires-vignes.webp","contentUrl":"https:\/\/ampelio.fr\/wp-content\/uploads\/2019\/01\/chargee-daffaires-vignes.webp","width":2000,"height":1334,"caption":"Charg\u00e9e d'affaires Ampelio dans les vignes, r\u00e9pondant au t\u00e9l\u00e9phone. Au fond, une loge de vignes"},{"@type":"BreadcrumbList","@id":"https:\/\/ampelio.fr\/en\/contact-us\/#breadcrumb","itemListElement":[{"@type":"ListItem","position":1,"name":"Ampelio","item":"https:\/\/ampelio.fr\/en\/"},{"@type":"ListItem","position":2,"name":"Contact"}]},{"@type":"WebSite","@id":"https:\/\/ampelio.fr\/en\/#website","url":"https:\/\/ampelio.fr\/en\/","name":"Ampelio","description":"Expert agency for the sale of vineyards and wine estates","publisher":{"@id":"https:\/\/ampelio.fr\/en\/#organization"},"alternateName":"Ampelio","potentialAction":[{"@type":"SearchAction","target":{"@type":"EntryPoint","urlTemplate":"https:\/\/ampelio.fr\/en\/?s={search_term_string}"},"query-input":{"@type":"PropertyValueSpecification","valueRequired":true,"valueName":"search_term_string"}}],"inLanguage":"en-US"},{"@type":"Organization","@id":"https:\/\/ampelio.fr\/en\/#organization","name":"Ampelio","url":"https:\/\/ampelio.fr\/en\/","logo":{"@type":"ImageObject","inLanguage":"en-US","@id":"https:\/\/ampelio.fr\/en\/#\/schema\/logo\/image\/","url":"https:\/\/ampelio.fr\/wp-content\/uploads\/2024\/12\/logo-ampelio_baseline.svg","contentUrl":"https:\/\/ampelio.fr\/wp-content\/uploads\/2024\/12\/logo-ampelio_baseline.svg","width":1,"height":1,"caption":"Ampelio"},"image":{"@id":"https:\/\/ampelio.fr\/en\/#\/schema\/logo\/image\/"},"sameAs":["https:\/\/fr.linkedin.com\/company\/ampelio"]}]}},"_links":{"self":[{"href":"https:\/\/ampelio.fr\/en\/wp-json\/wp\/v2\/pages\/4529","targetHints":{"allow":["GET"]}}],"collection":[{"href":"https:\/\/ampelio.fr\/en\/wp-json\/wp\/v2\/pages"}],"about":[{"href":"https:\/\/ampelio.fr\/en\/wp-json\/wp\/v2\/types\/page"}],"author":[{"embeddable":true,"href":"https:\/\/ampelio.fr\/en\/wp-json\/wp\/v2\/users\/2"}],"replies":[{"embeddable":true,"href":"https:\/\/ampelio.fr\/en\/wp-json\/wp\/v2\/comments?post=4529"}],"version-history":[{"count":3,"href":"https:\/\/ampelio.fr\/en\/wp-json\/wp\/v2\/pages\/4529\/revisions"}],"predecessor-version":[{"id":5172,"href":"https:\/\/ampelio.fr\/en\/wp-json\/wp\/v2\/pages\/4529\/revisions\/5172"}],"wp:featuredmedia":[{"embeddable":true,"href":"https:\/\/ampelio.fr\/en\/wp-json\/wp\/v2\/media\/4391"}],"wp:attachment":[{"href":"https:\/\/ampelio.fr\/en\/wp-json\/wp\/v2\/media?parent=4529"}],"curies":[{"name":"wp","href":"https:\/\/api.w.org\/{rel}","templated":true}]}}